{"id":2797,"date":"2022-05-04T14:33:23","date_gmt":"2022-05-04T14:33:23","guid":{"rendered":"https:\/\/victordolz.com\/home\/"},"modified":"2024-02-20T08:36:49","modified_gmt":"2024-02-20T08:36:49","slug":"home","status":"publish","type":"page","link":"https:\/\/victordolz.com\/es\/","title":{"rendered":"Home"},"content":{"rendered":"\n<figure class=\"wp-block-gallery has-nested-images columns-default is-cropped\">\n<figure class=\"wp-block-image size-large\"><img loading=\"lazy\" decoding=\"async\" width=\"1024\" height=\"576\" data-id=\"2141\" src=\"https:\/\/victordolz.com\/wp-content\/uploads\/2024\/01\/slider1-1024x576.jpg\" alt=\"\" class=\"wp-image-2141\" srcset=\"https:\/\/victordolz.com\/wp-content\/uploads\/2024\/01\/slider1-1024x576.jpg 1024w, https:\/\/victordolz.com\/wp-content\/uploads\/2024\/01\/slider1-300x169.jpg 300w, https:\/\/victordolz.com\/wp-content\/uploads\/2024\/01\/slider1-768x432.jpg 768w, https:\/\/victordolz.com\/wp-content\/uploads\/2024\/01\/slider1-1536x864.jpg 1536w, https:\/\/victordolz.com\/wp-content\/uploads\/2024\/01\/slider1-533x300.jpg 533w, https:\/\/victordolz.com\/wp-content\/uploads\/2024\/01\/slider1-680x383.jpg 680w, https:\/\/victordolz.com\/wp-content\/uploads\/2024\/01\/slider1-1209x680.jpg 1209w, https:\/\/victordolz.com\/wp-content\/uploads\/2024\/01\/slider1-1200x675.jpg 1200w, https:\/\/victordolz.com\/wp-content\/uploads\/2024\/01\/slider1.jpg 1920w\" sizes=\"auto, (max-width: 1024px) 100vw, 1024px\" \/><\/figure>\n\n\n\n<figure class=\"wp-block-image size-large\"><img loading=\"lazy\" decoding=\"async\" width=\"1024\" height=\"576\" data-id=\"2142\" src=\"https:\/\/victordolz.com\/wp-content\/uploads\/2024\/01\/slider2-1024x576.jpg\" alt=\"\" class=\"wp-image-2142\" srcset=\"https:\/\/victordolz.com\/wp-content\/uploads\/2024\/01\/slider2-1024x576.jpg 1024w, https:\/\/victordolz.com\/wp-content\/uploads\/2024\/01\/slider2-300x169.jpg 300w, https:\/\/victordolz.com\/wp-content\/uploads\/2024\/01\/slider2-768x432.jpg 768w, https:\/\/victordolz.com\/wp-content\/uploads\/2024\/01\/slider2-1536x864.jpg 1536w, https:\/\/victordolz.com\/wp-content\/uploads\/2024\/01\/slider2-533x300.jpg 533w, https:\/\/victordolz.com\/wp-content\/uploads\/2024\/01\/slider2-680x383.jpg 680w, https:\/\/victordolz.com\/wp-content\/uploads\/2024\/01\/slider2-1209x680.jpg 1209w, https:\/\/victordolz.com\/wp-content\/uploads\/2024\/01\/slider2-1200x675.jpg 1200w, https:\/\/victordolz.com\/wp-content\/uploads\/2024\/01\/slider2.jpg 1920w\" sizes=\"auto, (max-width: 1024px) 100vw, 1024px\" \/><\/figure>\n\n\n\n<figure class=\"wp-block-image size-large\"><img loading=\"lazy\" decoding=\"async\" width=\"1024\" height=\"576\" data-id=\"2143\" src=\"https:\/\/victordolz.com\/wp-content\/uploads\/2024\/01\/slider3-1024x576.jpg\" alt=\"\" class=\"wp-image-2143\" srcset=\"https:\/\/victordolz.com\/wp-content\/uploads\/2024\/01\/slider3-1024x576.jpg 1024w, https:\/\/victordolz.com\/wp-content\/uploads\/2024\/01\/slider3-300x169.jpg 300w, https:\/\/victordolz.com\/wp-content\/uploads\/2024\/01\/slider3-768x432.jpg 768w, https:\/\/victordolz.com\/wp-content\/uploads\/2024\/01\/slider3-1536x864.jpg 1536w, https:\/\/victordolz.com\/wp-content\/uploads\/2024\/01\/slider3-533x300.jpg 533w, https:\/\/victordolz.com\/wp-content\/uploads\/2024\/01\/slider3-680x383.jpg 680w, https:\/\/victordolz.com\/wp-content\/uploads\/2024\/01\/slider3-1209x680.jpg 1209w, https:\/\/victordolz.com\/wp-content\/uploads\/2024\/01\/slider3-1200x675.jpg 1200w, https:\/\/victordolz.com\/wp-content\/uploads\/2024\/01\/slider3.jpg 1920w\" sizes=\"auto, (max-width: 1024px) 100vw, 1024px\" \/><\/figure>\n\n\n\n<figure class=\"wp-block-image size-large\"><img loading=\"lazy\" decoding=\"async\" width=\"1024\" height=\"576\" data-id=\"2144\" src=\"https:\/\/victordolz.com\/wp-content\/uploads\/2024\/01\/slider4-1024x576.jpg\" alt=\"\" class=\"wp-image-2144\" srcset=\"https:\/\/victordolz.com\/wp-content\/uploads\/2024\/01\/slider4-1024x576.jpg 1024w, https:\/\/victordolz.com\/wp-content\/uploads\/2024\/01\/slider4-300x169.jpg 300w, https:\/\/victordolz.com\/wp-content\/uploads\/2024\/01\/slider4-768x432.jpg 768w, https:\/\/victordolz.com\/wp-content\/uploads\/2024\/01\/slider4-1536x864.jpg 1536w, https:\/\/victordolz.com\/wp-content\/uploads\/2024\/01\/slider4-533x300.jpg 533w, https:\/\/victordolz.com\/wp-content\/uploads\/2024\/01\/slider4-680x383.jpg 680w, https:\/\/victordolz.com\/wp-content\/uploads\/2024\/01\/slider4-1209x680.jpg 1209w, https:\/\/victordolz.com\/wp-content\/uploads\/2024\/01\/slider4-1200x675.jpg 1200w, https:\/\/victordolz.com\/wp-content\/uploads\/2024\/01\/slider4.jpg 1920w\" sizes=\"auto, (max-width: 1024px) 100vw, 1024px\" \/><\/figure>\n\n\n\n<figure class=\"wp-block-image size-large\"><img loading=\"lazy\" decoding=\"async\" width=\"1024\" height=\"576\" data-id=\"2145\" src=\"https:\/\/victordolz.com\/wp-content\/uploads\/2024\/01\/slider5-1024x576.jpg\" alt=\"\" class=\"wp-image-2145\" srcset=\"https:\/\/victordolz.com\/wp-content\/uploads\/2024\/01\/slider5-1024x576.jpg 1024w, https:\/\/victordolz.com\/wp-content\/uploads\/2024\/01\/slider5-300x169.jpg 300w, https:\/\/victordolz.com\/wp-content\/uploads\/2024\/01\/slider5-768x432.jpg 768w, https:\/\/victordolz.com\/wp-content\/uploads\/2024\/01\/slider5-1536x864.jpg 1536w, https:\/\/victordolz.com\/wp-content\/uploads\/2024\/01\/slider5-533x300.jpg 533w, https:\/\/victordolz.com\/wp-content\/uploads\/2024\/01\/slider5-680x383.jpg 680w, https:\/\/victordolz.com\/wp-content\/uploads\/2024\/01\/slider5-1209x680.jpg 1209w, https:\/\/victordolz.com\/wp-content\/uploads\/2024\/01\/slider5-1200x675.jpg 1200w, https:\/\/victordolz.com\/wp-content\/uploads\/2024\/01\/slider5.jpg 1920w\" sizes=\"auto, (max-width: 1024px) 100vw, 1024px\" \/><\/figure>\n\n\n\n<figure class=\"wp-block-image size-large\"><img loading=\"lazy\" decoding=\"async\" width=\"1024\" height=\"576\" data-id=\"2146\" src=\"https:\/\/victordolz.com\/wp-content\/uploads\/2024\/01\/slider6-1024x576.jpg\" alt=\"\" class=\"wp-image-2146\" srcset=\"https:\/\/victordolz.com\/wp-content\/uploads\/2024\/01\/slider6-1024x576.jpg 1024w, https:\/\/victordolz.com\/wp-content\/uploads\/2024\/01\/slider6-300x169.jpg 300w, https:\/\/victordolz.com\/wp-content\/uploads\/2024\/01\/slider6-768x432.jpg 768w, https:\/\/victordolz.com\/wp-content\/uploads\/2024\/01\/slider6-1536x864.jpg 1536w, https:\/\/victordolz.com\/wp-content\/uploads\/2024\/01\/slider6-533x300.jpg 533w, https:\/\/victordolz.com\/wp-content\/uploads\/2024\/01\/slider6-680x383.jpg 680w, https:\/\/victordolz.com\/wp-content\/uploads\/2024\/01\/slider6-1209x680.jpg 1209w, https:\/\/victordolz.com\/wp-content\/uploads\/2024\/01\/slider6-1200x675.jpg 1200w, https:\/\/victordolz.com\/wp-content\/uploads\/2024\/01\/slider6.jpg 1920w\" sizes=\"auto, (max-width: 1024px) 100vw, 1024px\" \/><\/figure>\n\n\n\n<figure class=\"wp-block-image size-large\"><img loading=\"lazy\" decoding=\"async\" width=\"1024\" height=\"576\" data-id=\"2147\" src=\"https:\/\/victordolz.com\/wp-content\/uploads\/2024\/01\/slider7-1024x576.jpg\" alt=\"\" class=\"wp-image-2147\" srcset=\"https:\/\/victordolz.com\/wp-content\/uploads\/2024\/01\/slider7-1024x576.jpg 1024w, https:\/\/victordolz.com\/wp-content\/uploads\/2024\/01\/slider7-300x169.jpg 300w, https:\/\/victordolz.com\/wp-content\/uploads\/2024\/01\/slider7-768x432.jpg 768w, https:\/\/victordolz.com\/wp-content\/uploads\/2024\/01\/slider7-1536x864.jpg 1536w, https:\/\/victordolz.com\/wp-content\/uploads\/2024\/01\/slider7-533x300.jpg 533w, https:\/\/victordolz.com\/wp-content\/uploads\/2024\/01\/slider7-680x383.jpg 680w, https:\/\/victordolz.com\/wp-content\/uploads\/2024\/01\/slider7-1209x680.jpg 1209w, https:\/\/victordolz.com\/wp-content\/uploads\/2024\/01\/slider7-1200x675.jpg 1200w, https:\/\/victordolz.com\/wp-content\/uploads\/2024\/01\/slider7.jpg 1920w\" sizes=\"auto, (max-width: 1024px) 100vw, 1024px\" \/><\/figure>\n\n\n\n<figure class=\"wp-block-image size-large\"><img loading=\"lazy\" decoding=\"async\" width=\"1024\" height=\"576\" data-id=\"2148\" src=\"https:\/\/victordolz.com\/wp-content\/uploads\/2024\/01\/slider8-1024x576.jpg\" alt=\"\" class=\"wp-image-2148\" srcset=\"https:\/\/victordolz.com\/wp-content\/uploads\/2024\/01\/slider8-1024x576.jpg 1024w, https:\/\/victordolz.com\/wp-content\/uploads\/2024\/01\/slider8-300x169.jpg 300w, https:\/\/victordolz.com\/wp-content\/uploads\/2024\/01\/slider8-768x432.jpg 768w, https:\/\/victordolz.com\/wp-content\/uploads\/2024\/01\/slider8-1536x864.jpg 1536w, https:\/\/victordolz.com\/wp-content\/uploads\/2024\/01\/slider8-533x300.jpg 533w, https:\/\/victordolz.com\/wp-content\/uploads\/2024\/01\/slider8-680x383.jpg 680w, https:\/\/victordolz.com\/wp-content\/uploads\/2024\/01\/slider8-1209x680.jpg 1209w, https:\/\/victordolz.com\/wp-content\/uploads\/2024\/01\/slider8-1200x675.jpg 1200w, https:\/\/victordolz.com\/wp-content\/uploads\/2024\/01\/slider8.jpg 1920w\" sizes=\"auto, (max-width: 1024px) 100vw, 1024px\" \/><\/figure>\n\n\n\n<figure class=\"wp-block-image size-large\"><img loading=\"lazy\" decoding=\"async\" width=\"1024\" height=\"576\" data-id=\"2149\" src=\"https:\/\/victordolz.com\/wp-content\/uploads\/2024\/01\/slider9-1024x576.jpg\" alt=\"\" class=\"wp-image-2149\" srcset=\"https:\/\/victordolz.com\/wp-content\/uploads\/2024\/01\/slider9-1024x576.jpg 1024w, https:\/\/victordolz.com\/wp-content\/uploads\/2024\/01\/slider9-300x169.jpg 300w, https:\/\/victordolz.com\/wp-content\/uploads\/2024\/01\/slider9-768x432.jpg 768w, https:\/\/victordolz.com\/wp-content\/uploads\/2024\/01\/slider9-1536x864.jpg 1536w, https:\/\/victordolz.com\/wp-content\/uploads\/2024\/01\/slider9-533x300.jpg 533w, https:\/\/victordolz.com\/wp-content\/uploads\/2024\/01\/slider9-680x383.jpg 680w, https:\/\/victordolz.com\/wp-content\/uploads\/2024\/01\/slider9-1209x680.jpg 1209w, https:\/\/victordolz.com\/wp-content\/uploads\/2024\/01\/slider9-1200x675.jpg 1200w, https:\/\/victordolz.com\/wp-content\/uploads\/2024\/01\/slider9.jpg 1920w\" sizes=\"auto, (max-width: 1024px) 100vw, 1024px\" \/><\/figure>\n\n\n\n<figure class=\"wp-block-image size-large\"><img loading=\"lazy\" decoding=\"async\" width=\"1024\" height=\"576\" data-id=\"2150\" src=\"https:\/\/victordolz.com\/wp-content\/uploads\/2024\/01\/slider10-1024x576.jpg\" alt=\"\" class=\"wp-image-2150\" srcset=\"https:\/\/victordolz.com\/wp-content\/uploads\/2024\/01\/slider10-1024x576.jpg 1024w, https:\/\/victordolz.com\/wp-content\/uploads\/2024\/01\/slider10-300x169.jpg 300w, https:\/\/victordolz.com\/wp-content\/uploads\/2024\/01\/slider10-768x432.jpg 768w, https:\/\/victordolz.com\/wp-content\/uploads\/2024\/01\/slider10-1536x864.jpg 1536w, https:\/\/victordolz.com\/wp-content\/uploads\/2024\/01\/slider10-533x300.jpg 533w, https:\/\/victordolz.com\/wp-content\/uploads\/2024\/01\/slider10-680x383.jpg 680w, https:\/\/victordolz.com\/wp-content\/uploads\/2024\/01\/slider10-1209x680.jpg 1209w, https:\/\/victordolz.com\/wp-content\/uploads\/2024\/01\/slider10-1200x675.jpg 1200w, https:\/\/victordolz.com\/wp-content\/uploads\/2024\/01\/slider10.jpg 1920w\" sizes=\"auto, (max-width: 1024px) 100vw, 1024px\" \/><\/figure>\n<\/figure>\n\n\n\n<p class=\"hero-font\">\u00abPiso el estudio y no s\u00e9 <br>si saldr\u00e9 de \u00e9l\u201d<\/p>\n\n\n\n<div class=\"wp-block-buttons is-layout-flex wp-block-buttons-is-layout-flex\"><\/div>\n\n\n\n<p style=\"font-size:14px\"><a href=\"https:\/\/victordolz.com\/es\/obras\/\" data-type=\"URL\" data-id=\"https:\/\/victordolz.com\/works\/\/\">Ver obras<\/a><\/p>\n","protected":false},"excerpt":{"rendered":"<p>\u00abPiso el estudio y no s\u00e9 si saldr\u00e9 de \u00e9l\u201d Ver obras<\/p>\n","protected":false},"author":1,"featured_media":0,"parent":0,"menu_order":0,"comment_status":"closed","ping_status":"closed","template":"page_template-homepage-scrolling-gallery-horizontal.php","meta":{"footnotes":""},"class_list":["post-2797","page","type-page","status-publish","hentry"],"_links":{"self":[{"href":"https:\/\/victordolz.com\/es\/wp-json\/wp\/v2\/pages\/2797","targetHints":{"allow":["GET"]}}],"collection":[{"href":"https:\/\/victordolz.com\/es\/wp-json\/wp\/v2\/pages"}],"about":[{"href":"https:\/\/victordolz.com\/es\/wp-json\/wp\/v2\/types\/page"}],"author":[{"embeddable":true,"href":"https:\/\/victordolz.com\/es\/wp-json\/wp\/v2\/users\/1"}],"replies":[{"embeddable":true,"href":"https:\/\/victordolz.com\/es\/wp-json\/wp\/v2\/comments?post=2797"}],"version-history":[{"count":3,"href":"https:\/\/victordolz.com\/es\/wp-json\/wp\/v2\/pages\/2797\/revisions"}],"predecessor-version":[{"id":2838,"href":"https:\/\/victordolz.com\/es\/wp-json\/wp\/v2\/pages\/2797\/revisions\/2838"}],"wp:attachment":[{"href":"https:\/\/victordolz.com\/es\/wp-json\/wp\/v2\/media?parent=2797"}],"curies":[{"name":"wp","href":"https:\/\/api.w.org\/{rel}","templated":true}]}}