{"id":2793,"date":"2023-10-21T05:18:43","date_gmt":"2023-10-21T05:18:43","guid":{"rendered":"https:\/\/victordolz.com\/sobre-mi\/"},"modified":"2024-02-16T15:29:01","modified_gmt":"2024-02-16T15:29:01","slug":"sobre-mi","status":"publish","type":"page","link":"https:\/\/victordolz.com\/es\/sobre-mi\/","title":{"rendered":"Vida"},"content":{"rendered":"\t\t<div data-elementor-type=\"wp-page\" data-elementor-id=\"2793\" class=\"elementor elementor-2793 elementor-1032\" data-elementor-post-type=\"page\">\n\t\t\t\t\t\t\t\t\t<section class=\"elementor-section elementor-top-section elementor-element elementor-element-5edd27f elementor-section-full_width elementor-section-height-default elementor-section-height-default\" data-id=\"5edd27f\" data-element_type=\"section\" data-settings=\"{&quot;jet_parallax_layout_list&quot;:[]}\">\n\t\t\t\t\t\t<div class=\"elementor-container elementor-column-gap-default\">\n\t\t\t\t\t<div class=\"elementor-column elementor-col-100 elementor-top-column elementor-element elementor-element-bc0dcb4\" data-id=\"bc0dcb4\" data-element_type=\"column\">\n\t\t\t<div class=\"elementor-widget-wrap elementor-element-populated\">\n\t\t\t\t\t\t\t\t<div class=\"elementor-element elementor-element-c049327 elementor-widget__width-initial elementor-widget-mobile__width-inherit elementor-widget elementor-widget-heading\" data-id=\"c049327\" data-element_type=\"widget\" data-widget_type=\"heading.default\">\n\t\t\t\t<div class=\"elementor-widget-container\">\n\t\t\t<style>\/*! elementor - v3.17.0 - 08-11-2023 *\/\n.elementor-heading-title{padding:0;margin:0;line-height:1}.elementor-widget-heading .elementor-heading-title[class*=elementor-size-]>a{color:inherit;font-size:inherit;line-height:inherit}.elementor-widget-heading .elementor-heading-title.elementor-size-small{font-size:15px}.elementor-widget-heading .elementor-heading-title.elementor-size-medium{font-size:19px}.elementor-widget-heading .elementor-heading-title.elementor-size-large{font-size:29px}.elementor-widget-heading .elementor-heading-title.elementor-size-xl{font-size:39px}.elementor-widget-heading .elementor-heading-title.elementor-size-xxl{font-size:59px}<\/style><h2 class=\"elementor-heading-title elementor-size-default\">Mi biograf\u00eda se basa en observar, observar y observar. <\/h2>\t\t<\/div>\n\t\t\t\t<\/div>\n\t\t\t\t<section class=\"elementor-section elementor-inner-section elementor-element elementor-element-c36cd21 elementor-section-full_width elementor-reverse-mobile elementor-section-height-default elementor-section-height-default\" data-id=\"c36cd21\" data-element_type=\"section\" data-settings=\"{&quot;jet_parallax_layout_list&quot;:[]}\">\n\t\t\t\t\t\t<div class=\"elementor-container elementor-column-gap-default\">\n\t\t\t\t\t<div class=\"elementor-column elementor-col-50 elementor-inner-column elementor-element elementor-element-0ef6a11\" data-id=\"0ef6a11\" data-element_type=\"column\">\n\t\t\t<div class=\"elementor-widget-wrap elementor-element-populated\">\n\t\t\t\t\t\t\t\t<div class=\"elementor-element elementor-element-13c6f6c elementor-widget elementor-widget-heading\" data-id=\"13c6f6c\" data-element_type=\"widget\" data-widget_type=\"heading.default\">\n\t\t\t\t<div class=\"elementor-widget-container\">\n\t\t\t<p class=\"elementor-heading-title elementor-size-default\">V\u00edctor Dolz naci\u00f3 en Begur, en 1945, en unas condiciones lamentables, a la luz de una vela, en una noche de tormenta, a manos de una comadrona vieja, sorda y casi ciega.<\/p>\t\t<\/div>\n\t\t\t\t<\/div>\n\t\t\t\t<div class=\"elementor-element elementor-element-edbb56f elementor-widget elementor-widget-heading\" data-id=\"edbb56f\" data-element_type=\"widget\" data-widget_type=\"heading.default\">\n\t\t\t\t<div class=\"elementor-widget-container\">\n\t\t\t<h2 class=\"elementor-heading-title elementor-size-default\">\u201cMe apasiona la pintura. Tambi\u00e9n el cine. Me emociono al revivir momentos de infancia en que mis abuelos me llevaban, cogido de la mano, a ver toda clase de pel\u00edculas. Con ellos pas\u00e9 largas temporadas en el sem\u00e1foro del cabo de Begur, lugar solitario y especial, donde, de ni\u00f1o, era como estar en otro mundo, donde las tormentas y vendavales impresionantes parec\u00edan cosa del diablo. Recuerdo ahora aquella estancia como una historia fant\u00e1stica y maravillosa.     \n<br>\n<br>\nTiempo despu\u00e9s, mis padres, en una situaci\u00f3n econ\u00f3mica dif\u00edcil por razones de trabajo, se trasladaron a Palafrugell. Lugar en el que estuve hasta los once a\u00f1os.  \n<br>\n<br><\/h2>\t\t<\/div>\n\t\t\t\t<\/div>\n\t\t\t\t<div class=\"elementor-element elementor-element-eb542a1 elementor-widget elementor-widget-heading\" data-id=\"eb542a1\" data-element_type=\"widget\" data-widget_type=\"heading.default\">\n\t\t\t\t<div class=\"elementor-widget-container\">\n\t\t\t<p class=\"elementor-heading-title elementor-size-default\">De Palafrugell pas\u00e9 a Moncada. All\u00ed fui a la escuela de La Salle, y mostr\u00e9 tal facilidad para dibujar, que el director me ofreci\u00f3 una beca (cosa excepcional para la \u00e9poca). <\/p>\t\t<\/div>\n\t\t\t\t<\/div>\n\t\t\t\t<div class=\"elementor-element elementor-element-df33b82 elementor-widget elementor-widget-heading\" data-id=\"df33b82\" data-element_type=\"widget\" data-widget_type=\"heading.default\">\n\t\t\t\t<div class=\"elementor-widget-container\">\n\t\t\t<p class=\"elementor-heading-title elementor-size-default\">Pero mi padre se opuso a que me dedicara a la pintura, puesto que, seg\u00fan \u00e9l, era cosa de bohemios, neg\u00e1ndose a hacer uso del premio. Pasados los a\u00f1os agradezco su postura, por lo que de negativo hubiera supuesto a mi forma de interpretar el arte. A partir de ese momento, jur\u00e9 que no volver\u00eda a dibujar (o sea, me autolesion\u00e9 espiritualmente de la forma m\u00e1s cruel). \n<br>\n<br>\nYa en plena adolescencia, en Barcelona, matriculado en la Escola T\u00e9cnica Industrial, en Barcelona (resid\u00eda en un peque\u00f1o piso, con mis t\u00edos, en el barrio de Sant Andreu),y en vez de asistir a clases, prefer\u00eda visionar las pel\u00edculas de mi preferencia en las salas de cine que pod\u00eda costearme. \n <\/p>\t\t<\/div>\n\t\t\t\t<\/div>\n\t\t\t\t\t<\/div>\n\t\t<\/div>\n\t\t\t\t<div class=\"elementor-column elementor-col-50 elementor-inner-column elementor-element elementor-element-c90db33\" data-id=\"c90db33\" data-element_type=\"column\">\n\t\t\t<div class=\"elementor-widget-wrap elementor-element-populated\">\n\t\t\t\t\t\t\t\t<div class=\"elementor-element elementor-element-7c8dae1 elementor-widget elementor-widget-image\" data-id=\"7c8dae1\" data-element_type=\"widget\" data-widget_type=\"image.default\">\n\t\t\t\t<div class=\"elementor-widget-container\">\n\t\t\t<style>\/*! elementor - v3.17.0 - 08-11-2023 *\/\n.elementor-widget-image{text-align:center}.elementor-widget-image a{display:inline-block}.elementor-widget-image a img[src$=\".svg\"]{width:48px}.elementor-widget-image img{vertical-align:middle;display:inline-block}<\/style>\t\t\t\t\t\t\t\t\t\t\t\t<img loading=\"lazy\" decoding=\"async\" width=\"568\" height=\"1227\" src=\"https:\/\/victordolz.com\/wp-content\/uploads\/2023\/10\/Mask-group-11-1.png\" class=\"attachment-full size-full wp-image-1099\" alt=\"\" srcset=\"https:\/\/victordolz.com\/wp-content\/uploads\/2023\/10\/Mask-group-11-1.png 568w, https:\/\/victordolz.com\/wp-content\/uploads\/2023\/10\/Mask-group-11-1-139x300.png 139w, https:\/\/victordolz.com\/wp-content\/uploads\/2023\/10\/Mask-group-11-1-474x1024.png 474w, https:\/\/victordolz.com\/wp-content\/uploads\/2023\/10\/Mask-group-11-1-315x680.png 315w, https:\/\/victordolz.com\/wp-content\/uploads\/2023\/10\/Mask-group-11-1-556x1200.png 556w\" sizes=\"auto, (max-width: 568px) 100vw, 568px\" \/>\t\t\t\t\t\t\t\t\t\t\t\t\t\t\t<\/div>\n\t\t\t\t<\/div>\n\t\t\t\t\t<\/div>\n\t\t<\/div>\n\t\t\t\t\t\t\t<\/div>\n\t\t<\/section>\n\t\t\t\t<section class=\"elementor-section elementor-inner-section elementor-element elementor-element-3a9bdea elementor-section-full_width elementor-section-height-default elementor-section-height-default\" data-id=\"3a9bdea\" data-element_type=\"section\" data-settings=\"{&quot;jet_parallax_layout_list&quot;:[]}\">\n\t\t\t\t\t\t<div class=\"elementor-container elementor-column-gap-default\">\n\t\t\t\t\t<div class=\"elementor-column elementor-col-50 elementor-inner-column elementor-element elementor-element-bc6a196\" data-id=\"bc6a196\" data-element_type=\"column\">\n\t\t\t<div class=\"elementor-widget-wrap elementor-element-populated\">\n\t\t\t\t\t\t\t\t<div class=\"elementor-element elementor-element-e6f2f07 elementor-widget elementor-widget-image\" data-id=\"e6f2f07\" data-element_type=\"widget\" data-widget_type=\"image.default\">\n\t\t\t\t<div class=\"elementor-widget-container\">\n\t\t\t\t\t\t\t\t\t\t\t\t\t\t\t<img loading=\"lazy\" decoding=\"async\" width=\"387\" height=\"472\" src=\"https:\/\/victordolz.com\/wp-content\/uploads\/2023\/10\/Mask-group-12-1.png\" class=\"attachment-full size-full wp-image-1120\" alt=\"\" srcset=\"https:\/\/victordolz.com\/wp-content\/uploads\/2023\/10\/Mask-group-12-1.png 387w, https:\/\/victordolz.com\/wp-content\/uploads\/2023\/10\/Mask-group-12-1-246x300.png 246w\" sizes=\"auto, (max-width: 387px) 100vw, 387px\" \/>\t\t\t\t\t\t\t\t\t\t\t\t\t\t\t<\/div>\n\t\t\t\t<\/div>\n\t\t\t\t<div class=\"elementor-element elementor-element-d752b08 elementor-widget elementor-widget-image\" data-id=\"d752b08\" data-element_type=\"widget\" data-widget_type=\"image.default\">\n\t\t\t\t<div class=\"elementor-widget-container\">\n\t\t\t\t\t\t\t\t\t\t\t\t\t\t\t<img loading=\"lazy\" decoding=\"async\" width=\"388\" height=\"472\" src=\"https:\/\/victordolz.com\/wp-content\/uploads\/2023\/10\/Mask-group-13-1.png\" class=\"attachment-full size-full wp-image-1122\" alt=\"\" srcset=\"https:\/\/victordolz.com\/wp-content\/uploads\/2023\/10\/Mask-group-13-1.png 388w, https:\/\/victordolz.com\/wp-content\/uploads\/2023\/10\/Mask-group-13-1-247x300.png 247w\" sizes=\"auto, (max-width: 388px) 100vw, 388px\" \/>\t\t\t\t\t\t\t\t\t\t\t\t\t\t\t<\/div>\n\t\t\t\t<\/div>\n\t\t\t\t<div class=\"elementor-element elementor-element-491793d elementor-widget elementor-widget-image\" data-id=\"491793d\" data-element_type=\"widget\" data-widget_type=\"image.default\">\n\t\t\t\t<div class=\"elementor-widget-container\">\n\t\t\t\t\t\t\t\t\t\t\t\t\t\t\t<img loading=\"lazy\" decoding=\"async\" width=\"388\" height=\"472\" src=\"https:\/\/victordolz.com\/wp-content\/uploads\/2023\/10\/Mask-group-14-1.png\" class=\"attachment-full size-full wp-image-1123\" alt=\"\" srcset=\"https:\/\/victordolz.com\/wp-content\/uploads\/2023\/10\/Mask-group-14-1.png 388w, https:\/\/victordolz.com\/wp-content\/uploads\/2023\/10\/Mask-group-14-1-247x300.png 247w\" sizes=\"auto, (max-width: 388px) 100vw, 388px\" \/>\t\t\t\t\t\t\t\t\t\t\t\t\t\t\t<\/div>\n\t\t\t\t<\/div>\n\t\t\t\t<div class=\"elementor-element elementor-element-2e2dc2f elementor-widget elementor-widget-image\" data-id=\"2e2dc2f\" data-element_type=\"widget\" data-widget_type=\"image.default\">\n\t\t\t\t<div class=\"elementor-widget-container\">\n\t\t\t\t\t\t\t\t\t\t\t\t\t\t\t<img loading=\"lazy\" decoding=\"async\" width=\"482\" height=\"668\" src=\"https:\/\/victordolz.com\/wp-content\/uploads\/2023\/10\/Mask-group-15-1.png\" class=\"attachment-full size-full wp-image-1131\" alt=\"\" srcset=\"https:\/\/victordolz.com\/wp-content\/uploads\/2023\/10\/Mask-group-15-1.png 482w, https:\/\/victordolz.com\/wp-content\/uploads\/2023\/10\/Mask-group-15-1-216x300.png 216w\" sizes=\"auto, (max-width: 482px) 100vw, 482px\" \/>\t\t\t\t\t\t\t\t\t\t\t\t\t\t\t<\/div>\n\t\t\t\t<\/div>\n\t\t\t\t\t<\/div>\n\t\t<\/div>\n\t\t\t\t<div class=\"elementor-column elementor-col-50 elementor-inner-column elementor-element elementor-element-f9d0628\" data-id=\"f9d0628\" data-element_type=\"column\">\n\t\t\t<div class=\"elementor-widget-wrap elementor-element-populated\">\n\t\t\t\t\t\t\t\t<div class=\"elementor-element elementor-element-a843f93 elementor-widget elementor-widget-heading\" data-id=\"a843f93\" data-element_type=\"widget\" data-widget_type=\"heading.default\">\n\t\t\t\t<div class=\"elementor-widget-container\">\n\t\t\t<p class=\"elementor-heading-title elementor-size-default\">El cine es una pasi\u00f3n que no desarroll\u00e9 profesionalmente, solo lo hice, de forma experimental, en 8m\/m. Tambi\u00e9n escrib\u00eda narraciones cortas que, junto al peque\u00f1o formato cinematogr\u00e1fico, fueron mi sost\u00e9n art\u00edstico en espera de explosionar como pintor.<\/p>\t\t<\/div>\n\t\t\t\t<\/div>\n\t\t\t\t<div class=\"elementor-element elementor-element-cadc833 elementor-widget elementor-widget-heading\" data-id=\"cadc833\" data-element_type=\"widget\" data-widget_type=\"heading.default\">\n\t\t\t\t<div class=\"elementor-widget-container\">\n\t\t\t<h2 class=\"elementor-heading-title elementor-size-default\">Despu\u00e9s de esta etapa en Barcelona, volv\u00ed a Palafrugell para integrarme en el negocio de mi padre. Aquello fue ca\u00f3tico, pues comenc\u00e9 a frecuentar timbas de p\u00f3quer (en el que llegu\u00e9 a ser un estimable jugador) y ganar bastante dinero apostando. Hasta que, una noche, en que hab\u00eda conseguido una peque\u00f1a fortuna, yo, \u201cel espabilado V\u00edctor Dolz\u201d, me mantuve en la misma partida hasta quedar mental y f\u00edsicamente agotado. Lo perd\u00ed todo. Fue demencial. De madrugada, sal\u00ed derrotado y abatido de aquel antro de destrucci\u00f3n. Analizando en profundidad lo ocurrido, llegu\u00e9 a la conclusi\u00f3n que deb\u00eda abandonar ese estilo de vida y optar por otro rumbo m\u00e1s en consonancia con mis verdaderas expectativas.     <br><br><\/h2>\t\t<\/div>\n\t\t\t\t<\/div>\n\t\t\t\t<div class=\"elementor-element elementor-element-6cdbd01 elementor-widget elementor-widget-heading\" data-id=\"6cdbd01\" data-element_type=\"widget\" data-widget_type=\"heading.default\">\n\t\t\t\t<div class=\"elementor-widget-container\">\n\t\t\t<p class=\"elementor-heading-title elementor-size-default\">La idea de romper con mi juramento negacionista, se reforz\u00f3 en la galer\u00eda de La Pedrera, contemplando las obras de Lucien Freud, Kitaj, Auchenbach, Francis Bacon........ El impacto que me produjeron sus cuadros fue un impulso a mis ansias de expresarme con la pintura. <\/p>\t\t<\/div>\n\t\t\t\t<\/div>\n\t\t\t\t<div class=\"elementor-element elementor-element-673a518 elementor-widget elementor-widget-heading\" data-id=\"673a518\" data-element_type=\"widget\" data-widget_type=\"heading.default\">\n\t\t\t\t<div class=\"elementor-widget-container\">\n\t\t\t<p class=\"elementor-heading-title elementor-size-default\">Esa necesidad, ese convencimiento, un d\u00eda, en un bar, con mi compa\u00f1era esperando entrar en un cine, saqu\u00e9 de mi bolsillo un rotulador y sobre papel reflej\u00e9 claramente el aburrimiento de un hombre mientras se tomaba una cerveza en la barra. Mi compa\u00f1era dijo: \u00a1Este dibujo es excepcional! Fue el empuj\u00f3n final para comenzar a pintar compulsivamente y expulsar lo que llevaba latente dentro, despu\u00e9s de tanto tiempo frustrado por un juramento de juventud totalmente est\u00fapido\u201d.  <br><br>V\u00edctor Dolz <\/p>\t\t<\/div>\n\t\t\t\t<\/div>\n\t\t\t\t\t<\/div>\n\t\t<\/div>\n\t\t\t\t\t\t\t<\/div>\n\t\t<\/section>\n\t\t\t\t\t<\/div>\n\t\t<\/div>\n\t\t\t\t\t\t\t<\/div>\n\t\t<\/section>\n\t\t\t\t\t\t\t<\/div>\n\t\t","protected":false},"excerpt":{"rendered":"<p>Mi biograf\u00eda se basa en observar, observar y observar. V\u00edctor Dolz naci\u00f3 en Begur, en 1945, en unas condiciones lamentables, a la luz de una vela, en una noche de tormenta, a manos de una comadrona vieja, sorda y casi ciega. \u201cMe apasiona la pintura. Tambi\u00e9n el cine. Me emociono al revivir momentos de infancia&#8230; <\/p>\n<p class=\"more\"> <a class=\"more-link\" href=\"https:\/\/victordolz.com\/es\/sobre-mi\/\">Read More<\/a> <\/p>\n","protected":false},"author":1,"featured_media":0,"parent":0,"menu_order":0,"comment_status":"closed","ping_status":"closed","template":"elementor_header_footer","meta":{"footnotes":""},"class_list":["post-2793","page","type-page","status-publish","hentry"],"_links":{"self":[{"href":"https:\/\/victordolz.com\/es\/wp-json\/wp\/v2\/pages\/2793","targetHints":{"allow":["GET"]}}],"collection":[{"href":"https:\/\/victordolz.com\/es\/wp-json\/wp\/v2\/pages"}],"about":[{"href":"https:\/\/victordolz.com\/es\/wp-json\/wp\/v2\/types\/page"}],"author":[{"embeddable":true,"href":"https:\/\/victordolz.com\/es\/wp-json\/wp\/v2\/users\/1"}],"replies":[{"embeddable":true,"href":"https:\/\/victordolz.com\/es\/wp-json\/wp\/v2\/comments?post=2793"}],"version-history":[{"count":8,"href":"https:\/\/victordolz.com\/es\/wp-json\/wp\/v2\/pages\/2793\/revisions"}],"predecessor-version":[{"id":2832,"href":"https:\/\/victordolz.com\/es\/wp-json\/wp\/v2\/pages\/2793\/revisions\/2832"}],"wp:attachment":[{"href":"https:\/\/victordolz.com\/es\/wp-json\/wp\/v2\/media?parent=2793"}],"curies":[{"name":"wp","href":"https:\/\/api.w.org\/{rel}","templated":true}]}}